{"id":5,"date":"2020-06-30T12:56:01","date_gmt":"2020-06-30T12:56:01","guid":{"rendered":"http:\/\/saldoxx.de\/?page_id=5"},"modified":"2020-07-01T11:11:12","modified_gmt":"2020-07-01T11:11:12","slug":"home","status":"publish","type":"page","link":"https:\/\/saldoxx.de\/","title":{"rendered":"Home"},"content":{"rendered":"\n<figure class=\"wp-block-image size-large\"><img loading=\"lazy\" decoding=\"async\" width=\"1024\" height=\"242\" src=\"https:\/\/saldoxx.de\/wp-content\/uploads\/2020\/07\/logo_large-1-1024x242.png\" alt=\"\" class=\"wp-image-60\"\/><figcaption>HR Recruiting<\/figcaption><\/figure>\n\n\n\n<blockquote class=\"wp-block-quote is-layout-flow wp-block-quote-is-layout-flow\"><p>Man kann Mitarbeitern das L\u00e4cheln nicht beibringen.<\/p><p>Sie m\u00fcssen l\u00e4cheln, bevor man Sie einstellt.<\/p><cite>Arte Nathan<\/cite><\/blockquote>\n","protected":false},"excerpt":{"rendered":"<p>Man kann Mitarbeitern das L\u00e4cheln nicht beibringen. Sie m\u00fcssen l\u00e4cheln, bevor man Sie einstellt. Arte Nathan<\/p>\n","protected":false},"author":1,"featured_media":0,"parent":0,"menu_order":0,"comment_status":"closed","ping_status":"closed","template":"templates\/template-homepage.php","meta":{"footnotes":""},"class_list":["post-5","page","type-page","status-publish","hentry"],"_links":{"self":[{"href":"https:\/\/saldoxx.de\/index.php?rest_route=\/wp\/v2\/pages\/5","targetHints":{"allow":["GET"]}}],"collection":[{"href":"https:\/\/saldoxx.de\/index.php?rest_route=\/wp\/v2\/pages"}],"about":[{"href":"https:\/\/saldoxx.de\/index.php?rest_route=\/wp\/v2\/types\/page"}],"author":[{"embeddable":true,"href":"https:\/\/saldoxx.de\/index.php?rest_route=\/wp\/v2\/users\/1"}],"replies":[{"embeddable":true,"href":"https:\/\/saldoxx.de\/index.php?rest_route=%2Fwp%2Fv2%2Fcomments&post=5"}],"version-history":[{"count":3,"href":"https:\/\/saldoxx.de\/index.php?rest_route=\/wp\/v2\/pages\/5\/revisions"}],"predecessor-version":[{"id":70,"href":"https:\/\/saldoxx.de\/index.php?rest_route=\/wp\/v2\/pages\/5\/revisions\/70"}],"wp:attachment":[{"href":"https:\/\/saldoxx.de\/index.php?rest_route=%2Fwp%2Fv2%2Fmedia&parent=5"}],"curies":[{"name":"wp","href":"https:\/\/api.w.org\/{rel}","templated":true}]}}