{"id":10,"date":"2020-06-30T13:03:14","date_gmt":"2020-06-30T13:03:14","guid":{"rendered":"http:\/\/saldoxx.de\/?page_id=10"},"modified":"2020-10-29T13:29:07","modified_gmt":"2020-10-29T13:29:07","slug":"leistungen","status":"publish","type":"page","link":"https:\/\/saldoxx.de\/?page_id=10","title":{"rendered":"Leistungen"},"content":{"rendered":"\n<p>Die SALDOXX GmbH &amp; Co. KG, ist Dienstleister im Bereich Recruiting und Beratung mit Schwerpunkten auf Financial Services, Rechnungswesen und Management. Wir sprechen mit Kandidatinnen und Kandidaten \u00fcber ihre Ziele, W\u00fcnsche und M\u00f6glichkeiten und bringen sie mit Arbeitgebern in Kontakt, die am besten zu Ihnen passen und Ihnen Raum zur weiteren Entwicklung geben. <\/p>\n\n\n\n<p><\/p>\n\n\n\n<p>Mit uns machen Sie den n\u00e4chsten Schritt nach oben!<\/p>\n\n\n\n<p><\/p>\n\n\n\n<p><br><br><\/p>\n","protected":false},"excerpt":{"rendered":"<p>Die SALDOXX GmbH &amp; Co. KG, ist Dienstleister im Bereich Recruiting und Beratung mit Schwerpunkten auf Financial Services, Rechnungswesen und Management. Wir sprechen mit Kandidatinnen und Kandidaten \u00fcber ihre Ziele, W\u00fcnsche und M\u00f6glichkeiten und bringen sie mit Arbeitgebern in Kontakt, die am besten zu Ihnen passen und Ihnen Raum zur weiteren Entwicklung geben. Mit uns [&hellip;]<\/p>\n","protected":false},"author":1,"featured_media":0,"parent":0,"menu_order":0,"comment_status":"closed","ping_status":"closed","template":"","meta":{"footnotes":""},"class_list":["post-10","page","type-page","status-publish","hentry"],"_links":{"self":[{"href":"https:\/\/saldoxx.de\/index.php?rest_route=\/wp\/v2\/pages\/10","targetHints":{"allow":["GET"]}}],"collection":[{"href":"https:\/\/saldoxx.de\/index.php?rest_route=\/wp\/v2\/pages"}],"about":[{"href":"https:\/\/saldoxx.de\/index.php?rest_route=\/wp\/v2\/types\/page"}],"author":[{"embeddable":true,"href":"https:\/\/saldoxx.de\/index.php?rest_route=\/wp\/v2\/users\/1"}],"replies":[{"embeddable":true,"href":"https:\/\/saldoxx.de\/index.php?rest_route=%2Fwp%2Fv2%2Fcomments&post=10"}],"version-history":[{"count":5,"href":"https:\/\/saldoxx.de\/index.php?rest_route=\/wp\/v2\/pages\/10\/revisions"}],"predecessor-version":[{"id":249,"href":"https:\/\/saldoxx.de\/index.php?rest_route=\/wp\/v2\/pages\/10\/revisions\/249"}],"wp:attachment":[{"href":"https:\/\/saldoxx.de\/index.php?rest_route=%2Fwp%2Fv2%2Fmedia&parent=10"}],"curies":[{"name":"wp","href":"https:\/\/api.w.org\/{rel}","templated":true}]}}